{"id":4435,"date":"2019-12-03T10:41:19","date_gmt":"2019-12-03T09:41:19","guid":{"rendered":"https:\/\/www.visitcaldes.cat\/espai-aquae\/7-la-industria-de-laigua\/"},"modified":"2020-04-22T19:16:18","modified_gmt":"2020-04-22T17:16:18","slug":"7-la-industria-del-agua","status":"publish","type":"page","link":"https:\/\/www.visitcaldes.cat\/es\/espai-aquae\/7-la-industria-del-agua\/","title":{"rendered":"7-\tLa industria del agua"},"content":{"rendered":"<p>Las reconocidas propiedades del agua termal de Caldes de Malavella que se ofrec\u00eda en los balnearios motivaron que los que no estaban alojados en aquellos establecimientos tambi\u00e9n quisieran disponer de ella, y este hecho favoreci\u00f3 que fuera embotellada y distribuida a muchos lugares. De esta manera, los pacientes que no se pod\u00edan permitir el lujo de ir a los balnearios ten\u00edan la posibilidad de beneficiarse de los efectos de esta agua siguiendo el tratamiento desde su casa.<\/p>\n","protected":false},"excerpt":{"rendered":"<p>Las reconocidas propiedades del agua termal de Caldes de Malavella que se ofrec\u00eda en los balnearios motivaron que los que no estaban alojados en aquellos establecimientos tambi\u00e9n quisieran disponer de ella, y este hecho favoreci\u00f3 que fuera embotellada y distribuida a muchos lugares. De esta manera, los pacientes que no se pod\u00edan permitir el lujo [&hellip;]<\/p>\n","protected":false},"author":4,"featured_media":3344,"parent":4393,"menu_order":0,"comment_status":"closed","ping_status":"closed","template":"page-templates\/plantilla1.php","meta":[],"_links":{"self":[{"href":"https:\/\/www.visitcaldes.cat\/es\/wp-json\/wp\/v2\/pages\/4435"}],"collection":[{"href":"https:\/\/www.visitcaldes.cat\/es\/wp-json\/wp\/v2\/pages"}],"about":[{"href":"https:\/\/www.visitcaldes.cat\/es\/wp-json\/wp\/v2\/types\/page"}],"author":[{"embeddable":true,"href":"https:\/\/www.visitcaldes.cat\/es\/wp-json\/wp\/v2\/users\/4"}],"replies":[{"embeddable":true,"href":"https:\/\/www.visitcaldes.cat\/es\/wp-json\/wp\/v2\/comments?post=4435"}],"version-history":[{"count":4,"href":"https:\/\/www.visitcaldes.cat\/es\/wp-json\/wp\/v2\/pages\/4435\/revisions"}],"predecessor-version":[{"id":4455,"href":"https:\/\/www.visitcaldes.cat\/es\/wp-json\/wp\/v2\/pages\/4435\/revisions\/4455"}],"up":[{"embeddable":true,"href":"https:\/\/www.visitcaldes.cat\/es\/wp-json\/wp\/v2\/pages\/4393"}],"wp:featuredmedia":[{"embeddable":true,"href":"https:\/\/www.visitcaldes.cat\/es\/wp-json\/wp\/v2\/media\/3344"}],"wp:attachment":[{"href":"https:\/\/www.visitcaldes.cat\/es\/wp-json\/wp\/v2\/media?parent=4435"}],"curies":[{"name":"wp","href":"https:\/\/api.w.org\/{rel}","templated":true}]}}