{"id":4065,"date":"2019-05-15T09:06:19","date_gmt":"2019-05-15T07:06:19","guid":{"rendered":"https:\/\/www.visitcaldes.cat\/la-llegenda-del-gegant-del-pi-den-llimona\/"},"modified":"2020-04-09T17:28:08","modified_gmt":"2020-04-09T15:28:08","slug":"la-leyenda-del-gigante-del-pi-den-llimona","status":"publish","type":"page","link":"https:\/\/www.visitcaldes.cat\/es\/la-leyenda-del-gigante-del-pi-den-llimona\/","title":{"rendered":"La leyenda del Gigante del Pi d\u2019en Llimona"},"content":{"rendered":"<p><strong>La leyenda del Gigante del Pi d\u2019en Llimona<\/strong><\/p>\n<p>Trata una leyenda popular que dice que es justamente el pino del Gegant del Pi que fue lanzado con fuerza por el susodicho gigante barcelon\u00e9s, como demostraci\u00f3n de valent\u00eda y osad\u00eda, y que cay\u00f3 en este lugar de Caldes donde todav\u00eda hoy permanece solemne y esplendoroso, como prueba de la bravura y de la fortaleza del gigante.<\/p>\n","protected":false},"excerpt":{"rendered":"<p>La leyenda del Gigante del Pi d\u2019en Llimona Trata una leyenda popular que dice que es justamente el pino del Gegant del Pi que fue lanzado con fuerza por el susodicho gigante barcelon\u00e9s, como demostraci\u00f3n de valent\u00eda y osad\u00eda, y que cay\u00f3 en este lugar de Caldes donde todav\u00eda hoy permanece solemne y esplendoroso, como [&hellip;]<\/p>\n","protected":false},"author":4,"featured_media":0,"parent":0,"menu_order":0,"comment_status":"closed","ping_status":"closed","template":"page-templates\/plantilla1.php","meta":[],"_links":{"self":[{"href":"https:\/\/www.visitcaldes.cat\/es\/wp-json\/wp\/v2\/pages\/4065"}],"collection":[{"href":"https:\/\/www.visitcaldes.cat\/es\/wp-json\/wp\/v2\/pages"}],"about":[{"href":"https:\/\/www.visitcaldes.cat\/es\/wp-json\/wp\/v2\/types\/page"}],"author":[{"embeddable":true,"href":"https:\/\/www.visitcaldes.cat\/es\/wp-json\/wp\/v2\/users\/4"}],"replies":[{"embeddable":true,"href":"https:\/\/www.visitcaldes.cat\/es\/wp-json\/wp\/v2\/comments?post=4065"}],"version-history":[{"count":1,"href":"https:\/\/www.visitcaldes.cat\/es\/wp-json\/wp\/v2\/pages\/4065\/revisions"}],"predecessor-version":[{"id":4068,"href":"https:\/\/www.visitcaldes.cat\/es\/wp-json\/wp\/v2\/pages\/4065\/revisions\/4068"}],"wp:attachment":[{"href":"https:\/\/www.visitcaldes.cat\/es\/wp-json\/wp\/v2\/media?parent=4065"}],"curies":[{"name":"wp","href":"https:\/\/api.w.org\/{rel}","templated":true}]}}