{"id":4059,"date":"2019-05-15T09:24:04","date_gmt":"2019-05-15T07:24:04","guid":{"rendered":"https:\/\/www.visitcaldes.cat\/els-gegants-dels-tres-pujols\/"},"modified":"2020-04-09T17:25:21","modified_gmt":"2020-04-09T15:25:21","slug":"los-gigantes-de-los-tres-cerros","status":"publish","type":"page","link":"https:\/\/www.visitcaldes.cat\/es\/los-gigantes-de-los-tres-cerros\/","title":{"rendered":"Los gigantes de los tres cerros"},"content":{"rendered":"<p><strong>Los gigantes de los tres cerros<\/strong><\/p>\n<p>En el Caldes de la \u00e9poca romana, llamado Aquae Calidae, ya hab\u00eda tres cerros de donde manaba agua caliente: el cerro de las \u00c0nimes, el cerro de Sant Grau y el de las Moleres. Y los romanos fueron los primeros en aprovechar estas aguas y sus virtudes milagrosas. Pero al caer el Imperio romano, se entr\u00f3 en una \u00e9poca de inseguridad y de invasiones, que oblig\u00f3 a los caldenses a resguardarse en las monta\u00f1as. Sin embargo, antes de hacerlo, enviaron de la pen\u00ednsula it\u00e1lica una pareja de gigantes que hicieran de guardianes para que estuvieran al cuidado de sus emergencias hidrotermales.<\/p>\n<p>Mientras que las invasiones de los b\u00e1rbaros del norte pasaron de largo, los sarracenos, m\u00e1s conocedores de los valores m\u00e1gicos y terap\u00e9uticos de las aguas, intentaron apoderarse de Caldes. La presencia de nuestros gigantes, fieles guardianes de las aguas y de los cerros, asust\u00f3 inicialmente a los musulmanes, que idearon una estratagema para contrarrestarla. Trajeron del mismo centro de \u00c1frica una tarasca, monstruosa y feroz, para asustar a nuestros gigantes. La tarasca consigui\u00f3 arrebatar el primer cerro, el de las \u00c0nimes, y los gigantes iniciaron el contraataque. La giganta puso en juego la gracia y belleza para enamorar a la tarasca, y el gigante utiliz\u00f3 el di\u00e1logo razonado, medido y contemporizador, con argumentos de legalidad y pacifismo. Todo fue en balde. La tarasca persisti\u00f3 en su intento de apropiarse de los otros dos cerros.<\/p>\n<p>Y aqu\u00ed es cuando el azar y la naturaleza se decantaron de parte de los caldenses. Cuando la tarasca puso el pie en el tercer cerro, un gran terremoto abri\u00f3 una gran fisura en la tierra precisamente donde estaba la temida bestia que, afortunadamente, baj\u00f3 hasta el centro de la tierra.<\/p>\n<p>Y gracias a los gigantes romanos de Caldes, y a la fuerza de la naturaleza de donde sal\u00edan las aguas termales, podemos disfrutar todav\u00eda hoy de las maravillosas aguas calientes de Caldes.<\/p>\n","protected":false},"excerpt":{"rendered":"<p>Los gigantes de los tres cerros En el Caldes de la \u00e9poca romana, llamado Aquae Calidae, ya hab\u00eda tres cerros de donde manaba agua caliente: el cerro de las \u00c0nimes, el cerro de Sant Grau y el de las Moleres. Y los romanos fueron los primeros en aprovechar estas aguas y sus virtudes milagrosas. Pero [&hellip;]<\/p>\n","protected":false},"author":4,"featured_media":0,"parent":0,"menu_order":0,"comment_status":"closed","ping_status":"closed","template":"page-templates\/plantilla1.php","meta":[],"_links":{"self":[{"href":"https:\/\/www.visitcaldes.cat\/es\/wp-json\/wp\/v2\/pages\/4059"}],"collection":[{"href":"https:\/\/www.visitcaldes.cat\/es\/wp-json\/wp\/v2\/pages"}],"about":[{"href":"https:\/\/www.visitcaldes.cat\/es\/wp-json\/wp\/v2\/types\/page"}],"author":[{"embeddable":true,"href":"https:\/\/www.visitcaldes.cat\/es\/wp-json\/wp\/v2\/users\/4"}],"replies":[{"embeddable":true,"href":"https:\/\/www.visitcaldes.cat\/es\/wp-json\/wp\/v2\/comments?post=4059"}],"version-history":[{"count":2,"href":"https:\/\/www.visitcaldes.cat\/es\/wp-json\/wp\/v2\/pages\/4059\/revisions"}],"predecessor-version":[{"id":4062,"href":"https:\/\/www.visitcaldes.cat\/es\/wp-json\/wp\/v2\/pages\/4059\/revisions\/4062"}],"wp:attachment":[{"href":"https:\/\/www.visitcaldes.cat\/es\/wp-json\/wp\/v2\/media?parent=4059"}],"curies":[{"name":"wp","href":"https:\/\/api.w.org\/{rel}","templated":true}]}}