{"id":4053,"date":"2019-05-15T09:01:01","date_gmt":"2019-05-15T07:01:01","guid":{"rendered":"https:\/\/www.visitcaldes.cat\/la-marieta-salada\/"},"modified":"2020-04-09T16:37:42","modified_gmt":"2020-04-09T14:37:42","slug":"la-marieta-salada","status":"publish","type":"page","link":"https:\/\/www.visitcaldes.cat\/es\/la-marieta-salada\/","title":{"rendered":"La Marieta Salada"},"content":{"rendered":"<p><strong>La marieta salada<\/strong><\/p>\n<p>Siempre ha hecho gracia que el escudo de nuestro pueblo exhibiera a una se\u00f1ora desnuda tomando un ba\u00f1o de agua caliente mineromedicinal. La casualidad, la curiosidad y las voces de la experiencia han forzado que podamos afirmar que la chica en cuesti\u00f3n existi\u00f3 realmente.<\/p>\n<p>La mujer del escudo se llamaba Marieta, y la llamaban, por su simpat\u00eda y salero, \u201cla Salada\u201d. Naci\u00f3 en Sitges el a\u00f1o 1915. Su figura sali\u00f3 del anonimato al aparecer en una buhardilla un cuadro donde ella estaba pintada; el primer pensamiento fue que era una representaci\u00f3n del escudo de Caldes, pero se dice que era todo lo contrario.<\/p>\n<p>Se dice que el cuadro fue plasmado en el a\u00f1o 1934 por un pintor sin fortuna que se ganaba la vida haciendo de camarero en uno de los balnearios. Se llamaba Rafel Rams, pero lo llamaban \u201cLitu\u201d. Litu era un aut\u00e9ntico bohemio, jugador, bebedor, malhablado y, sobre todo, conquistador. Marieta, \u201cla Salada\u201d, era una muchacha de una casa pobre de Sitges que lleg\u00f3 a Caldes en 1932 para ofrecerse como criada en la torre modernista de unos se\u00f1ores de Barcelona que veraneaban all\u00ed. La Salada se hizo popular muy pronto en el pueblo por su simpat\u00eda y espontaneidad. No aguant\u00f3 mucho tiempo con esta familia y fue a trabajar a un balneario, donde conoci\u00f3 a Litu, que no tard\u00f3 mucho en engatusarla y convertirla en su musa. La tragedia de la Guerra acab\u00f3 con esta historia de amor, ya que pocos meses despu\u00e9s de comenzar la revuelta militar, Litu se apunt\u00f3 al ej\u00e9rcito para defender la Rep\u00fablica. El destino hizo que despu\u00e9s de resultar herido fuera trasladado a uno de los hospitales militares instalados en los balnearios de Caldes, donde muri\u00f3 atendido por la enfermera voluntaria Marieta de Sitges que, como tantas otras mujeres, pasaba muchas horas cuidando a enfermos y heridos de guerra.<\/p>\n<p>Sin embargo, la vida continu\u00f3 y ella no fue nunca m\u00e1s la Marieta Salada de Sitges. Maria, despu\u00e9s de la tragedia del 36-39, se qued\u00f3 en Caldes, donde a\u00f1os m\u00e1s tarde se cas\u00f3 con un chico del pueblo con quien tuvo cinco hijos. Y muchos nietos suyos corren todav\u00eda entre los caldenses.<\/p>\n<p>Es muy posible que alguien sostenga que la figura femenina del escudo de Caldes es m\u00e1s antigua que todo esto. No le hag\u00e1is mucho caso. Dejad que cada uno piense lo que m\u00e1s le convenga.<\/p>\n","protected":false},"excerpt":{"rendered":"<p>La marieta salada Siempre ha hecho gracia que el escudo de nuestro pueblo exhibiera a una se\u00f1ora desnuda tomando un ba\u00f1o de agua caliente mineromedicinal. La casualidad, la curiosidad y las voces de la experiencia han forzado que podamos afirmar que la chica en cuesti\u00f3n existi\u00f3 realmente. La mujer del escudo se llamaba Marieta, y [&hellip;]<\/p>\n","protected":false},"author":4,"featured_media":0,"parent":0,"menu_order":0,"comment_status":"closed","ping_status":"closed","template":"page-templates\/plantilla1.php","meta":[],"_links":{"self":[{"href":"https:\/\/www.visitcaldes.cat\/es\/wp-json\/wp\/v2\/pages\/4053"}],"collection":[{"href":"https:\/\/www.visitcaldes.cat\/es\/wp-json\/wp\/v2\/pages"}],"about":[{"href":"https:\/\/www.visitcaldes.cat\/es\/wp-json\/wp\/v2\/types\/page"}],"author":[{"embeddable":true,"href":"https:\/\/www.visitcaldes.cat\/es\/wp-json\/wp\/v2\/users\/4"}],"replies":[{"embeddable":true,"href":"https:\/\/www.visitcaldes.cat\/es\/wp-json\/wp\/v2\/comments?post=4053"}],"version-history":[{"count":2,"href":"https:\/\/www.visitcaldes.cat\/es\/wp-json\/wp\/v2\/pages\/4053\/revisions"}],"predecessor-version":[{"id":4056,"href":"https:\/\/www.visitcaldes.cat\/es\/wp-json\/wp\/v2\/pages\/4053\/revisions\/4056"}],"wp:attachment":[{"href":"https:\/\/www.visitcaldes.cat\/es\/wp-json\/wp\/v2\/media?parent=4053"}],"curies":[{"name":"wp","href":"https:\/\/api.w.org\/{rel}","templated":true}]}}