{"id":4047,"date":"2019-05-15T09:03:49","date_gmt":"2019-05-15T07:03:49","guid":{"rendered":"https:\/\/www.visitcaldes.cat\/els-bandolers-el-cami-ral-i-la-creu-de-la-ma\/"},"modified":"2020-04-09T16:34:53","modified_gmt":"2020-04-09T14:34:53","slug":"los-bandoleros-el-camino-real-y-la-creu-de-la-ma","status":"publish","type":"page","link":"https:\/\/www.visitcaldes.cat\/es\/los-bandoleros-el-camino-real-y-la-creu-de-la-ma\/","title":{"rendered":"Los bandoleros, el camino real y la Creu de la M\u00e0"},"content":{"rendered":"<p><strong>Los bandoleros, el camino real y la Creu de la M\u00e0<\/strong><\/p>\n<p>El camino real era la v\u00eda de comunicaci\u00f3n m\u00e1s importante entre Francia y Barcelona, y en su paso por Caldes se bifurcaba en dos caminos, el de interior y el de marina, en el punto que se llama la Creu de la M\u00e0.<\/p>\n<p><strong>\u201cLOS BOSQUES M\u00c1S PELIGROSOS DEL PA\u00cdS\u201d<\/strong><\/p>\n<p>As\u00ed es como nombra el viajero Thomas Platter en el siglo XVI a los bosques de la Thiona y de la Creu de la M\u00e0, en su paso por el camino real. Las descripciones posteriores no son mucho m\u00e1s ben\u00e9volas; en el mejor de los casos hablan de \u201csoledad\u201d y casi siempre de \u201cbosques profundos\u201d y \u201cespesos alcornocales\u201d.<\/p>\n<p>Pi i Margall hace referencia en 1842 a un hecho incrustado en la memoria del lugar, y nos narra el suceso de unos bandoleros que se ponen a hacer de hostaleros: \u201cAl salir el viajero de esta casa fatal, caminaba muchas veces a una muerte pronta e irresistible\u2026 se entregaba la v\u00edctima al mismo verdugo que deb\u00eda acompa\u00f1arle al lugar del sacrificio. Esta trama era horrible.\u201d<br \/>\nPrudenci Bertrana en las Proses b\u00e0rbares: \u201cAll\u00ed en la antig\u00fcedad el camino se convert\u00eda en peligroso al viandante, desde aquel lugar el camino estaba infestado de pandillas de ladronzuelos y trabucaires osados y crueles que secuestraban, robaban y maltrataban a quien les ven\u00eda en gana\u2026 Y concretamente, la Creu de la M\u00e0 no ten\u00eda un aspecto muy tranquilizador\u2026 \u00bfpor cu\u00e1l de los dos caminos hab\u00eda que decidirse? (\u2026) habr\u00eda sido igual. Fuera la que fuera, de las dos rutas, la escogida por el viajero irresoluto\u2026 le esperaba la misma aridez, el mismo des\u00e1nimo, la misma sucesi\u00f3n de bosques espesos y lugares imponentes, cuyo aspecto solamente nada bueno promet\u00eda\u2026 no hab\u00eda m\u00e1s remedio que entregarse al destino en cuerpo y alma\u201d.<\/p>\n<p>Para \u00e9l, la \u201cM\u201d que coronaba la Creu de la M\u00e0 no designaba el camino de marina, sino la muerte y el martirio. De la misma forma, la mano que corona el otro brazo de la cruz podr\u00eda ser que fuera la reproducci\u00f3n de una mano real, que un grupo de bandoleros habr\u00eda colgado all\u00ed como se\u00f1al de alerta indicando (a viajeros o a otros bandoleros) que aquel era su territorio y el precio que deber\u00edan pagar si se adentraban en \u00e9l.<\/p>\n","protected":false},"excerpt":{"rendered":"<p>Los bandoleros, el camino real y la Creu de la M\u00e0 El camino real era la v\u00eda de comunicaci\u00f3n m\u00e1s importante entre Francia y Barcelona, y en su paso por Caldes se bifurcaba en dos caminos, el de interior y el de marina, en el punto que se llama la Creu de la M\u00e0. \u201cLOS [&hellip;]<\/p>\n","protected":false},"author":4,"featured_media":0,"parent":0,"menu_order":0,"comment_status":"closed","ping_status":"closed","template":"page-templates\/plantilla1.php","meta":[],"_links":{"self":[{"href":"https:\/\/www.visitcaldes.cat\/es\/wp-json\/wp\/v2\/pages\/4047"}],"collection":[{"href":"https:\/\/www.visitcaldes.cat\/es\/wp-json\/wp\/v2\/pages"}],"about":[{"href":"https:\/\/www.visitcaldes.cat\/es\/wp-json\/wp\/v2\/types\/page"}],"author":[{"embeddable":true,"href":"https:\/\/www.visitcaldes.cat\/es\/wp-json\/wp\/v2\/users\/4"}],"replies":[{"embeddable":true,"href":"https:\/\/www.visitcaldes.cat\/es\/wp-json\/wp\/v2\/comments?post=4047"}],"version-history":[{"count":2,"href":"https:\/\/www.visitcaldes.cat\/es\/wp-json\/wp\/v2\/pages\/4047\/revisions"}],"predecessor-version":[{"id":4050,"href":"https:\/\/www.visitcaldes.cat\/es\/wp-json\/wp\/v2\/pages\/4047\/revisions\/4050"}],"wp:attachment":[{"href":"https:\/\/www.visitcaldes.cat\/es\/wp-json\/wp\/v2\/media?parent=4047"}],"curies":[{"name":"wp","href":"https:\/\/api.w.org\/{rel}","templated":true}]}}