{"id":4041,"date":"2019-05-15T08:58:52","date_gmt":"2019-05-15T06:58:52","guid":{"rendered":"https:\/\/www.visitcaldes.cat\/llegenda-de-sant-maurici\/"},"modified":"2020-04-09T16:30:55","modified_gmt":"2020-04-09T14:30:55","slug":"leyenda-de-sant-maurici","status":"publish","type":"page","link":"https:\/\/www.visitcaldes.cat\/es\/leyenda-de-sant-maurici\/","title":{"rendered":"Leyenda de Sant Maurici"},"content":{"rendered":"<p>Cada 22 de septiembre se celebra la romer\u00eda dedicada a Sant Maurici y todav\u00eda hay quien se acuerda de cuando una mano de madera, simbolizando la que perdi\u00f3 en su martirio, era besada por los fieles. Se explicaba una historia sobre esta mano que nuestros padres y abuelos veneraban.<\/p>\n<p>En una ocasi\u00f3n, una terrible sequ\u00eda se extendi\u00f3 sobre los bosques, prados y cultivos de los alrededores. Los pozos se secaron, los lagos se convirtieron en barro y los campesinos ve\u00edan como se mor\u00eda el ganado. El trigo, la cebada, los \u00e1rboles y los matojos se marchitaban. Las cigarras y los insectos se escond\u00edan tristes al ver c\u00f3mo la desgracia se llevaba tantos bienes.<\/p>\n<p>Una mujer oscura y tenebrosa hab\u00eda o\u00eddo hablar de los milagros de los santos y quiso convencer a los campesinos que todas las desgracias que asolaban el pueblo hab\u00edan estado provocadas por un m\u00e1rtir de mucho renombre: Sant Maurici.<\/p>\n<p>Reunidos en el cerro de las \u00c0nimes, una multitud de gente asisti\u00f3 curiosa a la ceremonia que aquella mujer mal\u00e9fica hab\u00eda organizado para expulsar la sequ\u00eda: en una gran olla hirviendo tir\u00f3 una mano de cera, haciendo creer a todos que se trataba de la del santo, para demostrar que ven\u00edan de aqu\u00ed los sufrimientos. La fuerza de ebullici\u00f3n hizo volcar la olla y las llamas se apoderaron de los matojos y las hierbas secas y arrasaron bosques, campos y mas\u00edas con su crepitar feroz. Entonces, de forma inesperada, el cielo se cubri\u00f3 de nubes negras y la lluvia empez\u00f3 a regar la tierra con violencia: los torrentes y los pozos se llenaron hasta rebosar y los cultivos quedaron cubiertos de agua; la gente corr\u00eda a refugiarse a las casas por miedo a ser arrastrada por las aguas desatadas cerrando puertas y portales.<\/p>\n<p>Justo all\u00ed donde el fuego se apag\u00f3 se vio una mano de madera en se\u00f1al de bendici\u00f3n del lugar. La gente crey\u00f3 que era la mano de Sant Maurici y por este motivo el pueblo se convirti\u00f3 al cristianismo.<\/p>\n<p>&nbsp;<\/p>\n<p><strong>ROMER\u00cdA DE SANT MAURICI 22 DE SEPTIEMBRE<\/strong><br \/>\nSardanas, tenderetes de artesan\u00eda, comida de arroz popular y tradicional baile del heredero Riera. Una de las romer\u00edas m\u00e1s antiguas de Catalu\u00f1a, y festividad en la que los caldenses en grupos se dirigen a la ermita para pasar el d\u00eda en compa\u00f1\u00eda de amigos y familiares.<\/p>\n","protected":false},"excerpt":{"rendered":"<p>Cada 22 de septiembre se celebra la romer\u00eda dedicada a Sant Maurici y todav\u00eda hay quien se acuerda de cuando una mano de madera, simbolizando la que perdi\u00f3 en su martirio, era besada por los fieles. Se explicaba una historia sobre esta mano que nuestros padres y abuelos veneraban. En una ocasi\u00f3n, una terrible sequ\u00eda [&hellip;]<\/p>\n","protected":false},"author":4,"featured_media":0,"parent":0,"menu_order":0,"comment_status":"closed","ping_status":"closed","template":"page-templates\/plantilla1.php","meta":[],"_links":{"self":[{"href":"https:\/\/www.visitcaldes.cat\/es\/wp-json\/wp\/v2\/pages\/4041"}],"collection":[{"href":"https:\/\/www.visitcaldes.cat\/es\/wp-json\/wp\/v2\/pages"}],"about":[{"href":"https:\/\/www.visitcaldes.cat\/es\/wp-json\/wp\/v2\/types\/page"}],"author":[{"embeddable":true,"href":"https:\/\/www.visitcaldes.cat\/es\/wp-json\/wp\/v2\/users\/4"}],"replies":[{"embeddable":true,"href":"https:\/\/www.visitcaldes.cat\/es\/wp-json\/wp\/v2\/comments?post=4041"}],"version-history":[{"count":2,"href":"https:\/\/www.visitcaldes.cat\/es\/wp-json\/wp\/v2\/pages\/4041\/revisions"}],"predecessor-version":[{"id":4044,"href":"https:\/\/www.visitcaldes.cat\/es\/wp-json\/wp\/v2\/pages\/4041\/revisions\/4044"}],"wp:attachment":[{"href":"https:\/\/www.visitcaldes.cat\/es\/wp-json\/wp\/v2\/media?parent=4041"}],"curies":[{"name":"wp","href":"https:\/\/api.w.org\/{rel}","templated":true}]}}