{"id":4034,"date":"2019-05-15T09:33:55","date_gmt":"2019-05-15T07:33:55","guid":{"rendered":"https:\/\/www.visitcaldes.cat\/lhereu-riera\/"},"modified":"2020-04-09T16:27:03","modified_gmt":"2020-04-09T14:27:03","slug":"el-heredero-riera","status":"publish","type":"page","link":"https:\/\/www.visitcaldes.cat\/es\/el-heredero-riera\/","title":{"rendered":"El heredero Riera"},"content":{"rendered":"<p><strong>El heredero Riera<\/strong><\/p>\n<p>Cerca de la ermita de Sant Maurici se encuentra la mas\u00eda de Can Riera, y una antigua tradici\u00f3n cuenta que la popular danza del heredero Riera se origin\u00f3 en este lugar\u2026 Dice que el heredero Riera, rico propietario de Llan\u00e7\u00e0, asisti\u00f3 una vez a la romer\u00eda de Sant Maurici de Caldes de Malavella. Mientras bailaba con unas bellas doncellas de la comarca, lo avisaron de que su prometida estaba enferma de muerte. El hombre corri\u00f3 al lado de la amada y fervientemente pidi\u00f3 al Santo Cristo, que presid\u00eda la habitaci\u00f3n de la chica, que la curase. Cuentan que esto dio lugar a los t\u00edpicos pasos del Baile del Heredero Riera.<\/p>\n<p>Per a Sant Antoni<\/p>\n<p>grans balles hi ha.<\/p>\n<p>Per a Sant Maurici<\/p>\n<p>tot el poble hi va.<\/p>\n<p>Tra la-ra-la, tra-la-ra-la<\/p>\n<p>tra la-ra-la-l\u00e0.<\/p>\n<p>N\u2019 hi van tres donzelles,<\/p>\n<p>s\u00f3n de l\u2019 Empord\u00e0,<\/p>\n<p>l\u2019 una diu a l\u2019 altra:<\/p>\n<p>-I a tu, qui el traur\u00e0?<\/p>\n<p>Anem donzelletes,<\/p>\n<p>anem a ballar,<\/p>\n<p>que l\u2019 Hereu Riera<\/p>\n<p>ens hi far\u00e0 entrar.<\/p>\n<p>La primera dansa<\/p>\n<p>la\u2019 n treu a ballar,<\/p>\n<p>la segona dansa<\/p>\n<p>la nova arrib\u00e0<\/p>\n<p>Perdonin senyores<\/p>\n<p>que me n\u2019 haig d\u2019 anar,<\/p>\n<p>que la meva amada<\/p>\n<p>a la mort n\u2019 est\u00e0.<\/p>\n<p>-D\u00e9u vos guard, Maria,<\/p>\n<p>Maria, com va?<\/p>\n<p>-Per a mi, Riera,<\/p>\n<p>molt malament va.<\/p>\n<p>Se\u2019 n gira d\u2019 esquena,<\/p>\n<p>a l\u2019 esgl\u00e9sia se\u2019 n va.<\/p>\n<p>Davant d\u2019 un Sant Cristo<\/p>\n<p>se \u2018n va agenollar.<\/p>\n<p>-Senyor, que m\u2019 ajudi<\/p>\n<p>si em vol ajudar,<\/p>\n<p>que em torni l\u2019 amada<\/p>\n<p>que a la mort n\u2019 est\u00e0.<\/p>\n<p>Al cap dels nou dies<\/p>\n<p>Maria es llev\u00e0,<\/p>\n<p>a les tres setmanes<\/p>\n<p>es varen casar.<\/p>\n<p>&nbsp;<\/p>\n","protected":false},"excerpt":{"rendered":"<p>El heredero Riera Cerca de la ermita de Sant Maurici se encuentra la mas\u00eda de Can Riera, y una antigua tradici\u00f3n cuenta que la popular danza del heredero Riera se origin\u00f3 en este lugar\u2026 Dice que el heredero Riera, rico propietario de Llan\u00e7\u00e0, asisti\u00f3 una vez a la romer\u00eda de Sant Maurici de Caldes de [&hellip;]<\/p>\n","protected":false},"author":4,"featured_media":0,"parent":0,"menu_order":0,"comment_status":"closed","ping_status":"closed","template":"page-templates\/plantilla1.php","meta":[],"_links":{"self":[{"href":"https:\/\/www.visitcaldes.cat\/es\/wp-json\/wp\/v2\/pages\/4034"}],"collection":[{"href":"https:\/\/www.visitcaldes.cat\/es\/wp-json\/wp\/v2\/pages"}],"about":[{"href":"https:\/\/www.visitcaldes.cat\/es\/wp-json\/wp\/v2\/types\/page"}],"author":[{"embeddable":true,"href":"https:\/\/www.visitcaldes.cat\/es\/wp-json\/wp\/v2\/users\/4"}],"replies":[{"embeddable":true,"href":"https:\/\/www.visitcaldes.cat\/es\/wp-json\/wp\/v2\/comments?post=4034"}],"version-history":[{"count":3,"href":"https:\/\/www.visitcaldes.cat\/es\/wp-json\/wp\/v2\/pages\/4034\/revisions"}],"predecessor-version":[{"id":4038,"href":"https:\/\/www.visitcaldes.cat\/es\/wp-json\/wp\/v2\/pages\/4034\/revisions\/4038"}],"wp:attachment":[{"href":"https:\/\/www.visitcaldes.cat\/es\/wp-json\/wp\/v2\/media?parent=4034"}],"curies":[{"name":"wp","href":"https:\/\/api.w.org\/{rel}","templated":true}]}}