{"id":4027,"date":"2019-05-15T09:35:31","date_gmt":"2019-05-15T07:35:31","guid":{"rendered":"https:\/\/www.visitcaldes.cat\/llegenda-de-la-malavella\/"},"modified":"2020-04-09T16:19:06","modified_gmt":"2020-04-09T14:19:06","slug":"leyenda-de-la-malavella","status":"publish","type":"page","link":"https:\/\/www.visitcaldes.cat\/es\/leyenda-de-la-malavella\/","title":{"rendered":"Leyenda de la Malavella"},"content":{"rendered":"<p>La leyenda de la Malavella se sit\u00faa en el lugar m\u00e1gico de la ermita de Sant Maurici y el castillo de la Malavella, sitio donde se venci\u00f3 a la se\u00f1ora feudal, una mujer vieja, mala y misteriosa, para liberar al pueblo de Caldes de los impuestos y del miedo ante la desaparici\u00f3n constante de sus ni\u00f1os.<\/p>\n<p>Seg\u00fan cuenta la leyenda, la bruja de la Malavella ten\u00eda un pacto con el diablo mediante el cual pod\u00eda mantener el poder econ\u00f3mico sobre los vecinos, pero siempre que cada noche cenara el coraz\u00f3n de un ni\u00f1o peque\u00f1o.<\/p>\n<p>Gracias a un chico forastero, Maurici, que fue a buscar trabajo al castillo de la se\u00f1ora, se descubri\u00f3 el terrible secreto de esta bruja feudal. Una noche, le dio para cenar el coraz\u00f3n rancio de su sirviente jorobado, que la debilit\u00f3, y as\u00ed el pueblo de Caldes expuls\u00f3 a esta mala vieja que nunca m\u00e1s regres\u00f3 al pueblo.<\/p>\n<p>Es por este motivo que en Caldes de Malavella recordamos, cada \u00faltimo s\u00e1bado de abril, nuestro pasado m\u00e1s oscuro personalizado en la figura de esta se\u00f1ora feudal, malvada, la bruja Malavella.<\/p>\n<p>Dato real: se tiene constancia documental del castillo de la Malavella en 1054 a ra\u00edz de una escritura de tierras hecha por la condesa Ermessenda. Se la cita como castro vetulo. Tres a\u00f1os m\u00e1s tarde, en 1057, se vuelven a tener noticias del castillo castro quod dicunt Malavela en un juramento hecho a la condesa Almodis, esposa del conde Ramon Berenguer I.<\/p>\n<p>&nbsp;<\/p>\n<p><strong>FIESTA DE LA MALAVELLA CADA \u00daLTIMO S\u00c1BADO DE ABRIL (actividades todo el fin de semana)<\/strong><\/p>\n<p>La Fiesta de la bruja Malavella naci\u00f3 fruto de varias voluntades e iniciativas de recuperar y promocionar la leyenda de la Malavella, y unirlo as\u00ed con el mundo imaginario y oculto. Durante todo el fin de semana se programan actividades que giran alrededor de la leyenda, los gigantes y el lugar de Sant Maurici. Por la tarde se celebra un baile donde se representa la leyenda y en \u00e9l participan m\u00e1s de un centenar de caldenses (mayores y peque\u00f1os), y hasta la una de la madrugada se celebra el Mercado Nocturno Esot\u00e9rico, un mercado de tenderetes de magia, tarot y esoterismo.<\/p>\n<p>Lugar: plaza del Ayuntamiento y calles contiguas. Ermita de Sant Maurici y castillo de la Malavella.<\/p>\n","protected":false},"excerpt":{"rendered":"<p>La leyenda de la Malavella se sit\u00faa en el lugar m\u00e1gico de la ermita de Sant Maurici y el castillo de la Malavella, sitio donde se venci\u00f3 a la se\u00f1ora feudal, una mujer vieja, mala y misteriosa, para liberar al pueblo de Caldes de los impuestos y del miedo ante la desaparici\u00f3n constante de sus [&hellip;]<\/p>\n","protected":false},"author":4,"featured_media":0,"parent":0,"menu_order":0,"comment_status":"closed","ping_status":"closed","template":"page-templates\/plantilla1.php","meta":[],"_links":{"self":[{"href":"https:\/\/www.visitcaldes.cat\/es\/wp-json\/wp\/v2\/pages\/4027"}],"collection":[{"href":"https:\/\/www.visitcaldes.cat\/es\/wp-json\/wp\/v2\/pages"}],"about":[{"href":"https:\/\/www.visitcaldes.cat\/es\/wp-json\/wp\/v2\/types\/page"}],"author":[{"embeddable":true,"href":"https:\/\/www.visitcaldes.cat\/es\/wp-json\/wp\/v2\/users\/4"}],"replies":[{"embeddable":true,"href":"https:\/\/www.visitcaldes.cat\/es\/wp-json\/wp\/v2\/comments?post=4027"}],"version-history":[{"count":3,"href":"https:\/\/www.visitcaldes.cat\/es\/wp-json\/wp\/v2\/pages\/4027\/revisions"}],"predecessor-version":[{"id":4031,"href":"https:\/\/www.visitcaldes.cat\/es\/wp-json\/wp\/v2\/pages\/4027\/revisions\/4031"}],"wp:attachment":[{"href":"https:\/\/www.visitcaldes.cat\/es\/wp-json\/wp\/v2\/media?parent=4027"}],"curies":[{"name":"wp","href":"https:\/\/api.w.org\/{rel}","templated":true}]}}