{"id":3909,"date":"2019-05-15T10:44:55","date_gmt":"2019-05-15T08:44:55","guid":{"rendered":"https:\/\/www.visitcaldes.cat\/golf-pga-catalunya\/"},"modified":"2020-05-07T11:10:51","modified_gmt":"2020-05-07T09:10:51","slug":"golf-pga-catalunya","status":"publish","type":"page","link":"https:\/\/www.visitcaldes.cat\/es\/golf-pga-catalunya\/","title":{"rendered":"Golf PGA Catalunya"},"content":{"rendered":"<p><strong>El\u00a0<em>resort<\/em>, que dispone de servicios e instalaciones de primer nivel, forma parte del selecto club European Tour Destinations, formado por los 8 mejores destinos de golf del European Tour. Entre sus instalaciones destacan la moderna Casa Club y una zona de pr\u00e1cticas y entreno \u00fanica en Europa.<\/strong><\/p>\n<p>&nbsp;<\/p>\n<p><strong>Los campos<\/strong><\/p>\n<p>PGA Catalunya Resort cuenta con dos magn\u00edficos campos de golf: el Stadium Course, clasificado n.\u00ba 1 de Espa\u00f1a, 5.\u00ba en la Europa continental y considerado entre los 100 mejores del mundo, y el Tour Course, que ofrece un desaf\u00edo constante y agujeros espectaculares.<\/p>\n<p>&nbsp;<\/p>\n<p><strong>The Golf Hub<\/strong><\/p>\n<p>El nuevo The Golf Hub ofrece la m\u00e1s avanzada tecnolog\u00eda de an\u00e1lisis del <em>swing <\/em>junto con el sistema de seguimiento de la trayectoria utilizado en el Tour, \u00a1que permite conseguir un juego 100 % preciso, 100 % efectivo y 100 % divertido!<\/p>\n<p>&nbsp;<\/p>\n<p><strong>Zona de Pr\u00e1cticas<\/strong><\/p>\n<p>El campo de pr\u00e1cticas, dise\u00f1ado seg\u00fan los mismos par\u00e1metros de excelencia aplicados a la concepci\u00f3n del Stadium Course y del Tour Course, cuenta con un amplio <em>tee <\/em>de pr\u00e1cticas de hierba natural en el cual los jugadores tendr\u00e1n la ocasi\u00f3n de perfeccionar sus golpes en unas condiciones \u00f3ptimas.<\/p>\n<p>&nbsp;<\/p>\n<p><strong>Servicios:\u00a0<\/strong><\/p>\n<p>&#8211; <em>Caddy master\/Bag drop<br \/>\n<\/em>&#8211; <em>Golf<\/em> <em>buggies<br \/>\n<\/em>&#8211; Carritos el\u00e9ctricos o manuales<br \/>\n&#8211; Palos de alquiler<br \/>\n&#8211; <em>Buggy<\/em> <em>bar<br \/>\n<\/em>&#8211; Vestuarios, duchas y toallas<\/p>\n","protected":false},"excerpt":{"rendered":"<p>El\u00a0resort, que dispone de servicios e instalaciones de primer nivel, forma parte del selecto club European Tour Destinations, formado por los 8 mejores destinos de golf del European Tour. Entre sus instalaciones destacan la moderna Casa Club y una zona de pr\u00e1cticas y entreno \u00fanica en Europa. &nbsp; Los campos PGA Catalunya Resort cuenta con [&hellip;]<\/p>\n","protected":false},"author":4,"featured_media":830,"parent":0,"menu_order":0,"comment_status":"closed","ping_status":"closed","template":"page-templates\/plantilla1.php","meta":[],"_links":{"self":[{"href":"https:\/\/www.visitcaldes.cat\/es\/wp-json\/wp\/v2\/pages\/3909"}],"collection":[{"href":"https:\/\/www.visitcaldes.cat\/es\/wp-json\/wp\/v2\/pages"}],"about":[{"href":"https:\/\/www.visitcaldes.cat\/es\/wp-json\/wp\/v2\/types\/page"}],"author":[{"embeddable":true,"href":"https:\/\/www.visitcaldes.cat\/es\/wp-json\/wp\/v2\/users\/4"}],"replies":[{"embeddable":true,"href":"https:\/\/www.visitcaldes.cat\/es\/wp-json\/wp\/v2\/comments?post=3909"}],"version-history":[{"count":4,"href":"https:\/\/www.visitcaldes.cat\/es\/wp-json\/wp\/v2\/pages\/3909\/revisions"}],"predecessor-version":[{"id":4699,"href":"https:\/\/www.visitcaldes.cat\/es\/wp-json\/wp\/v2\/pages\/3909\/revisions\/4699"}],"wp:featuredmedia":[{"embeddable":true,"href":"https:\/\/www.visitcaldes.cat\/es\/wp-json\/wp\/v2\/media\/830"}],"wp:attachment":[{"href":"https:\/\/www.visitcaldes.cat\/es\/wp-json\/wp\/v2\/media?parent=3909"}],"curies":[{"name":"wp","href":"https:\/\/api.w.org\/{rel}","templated":true}]}}