{"id":191,"date":"2019-04-25T16:17:28","date_gmt":"2019-04-25T14:17:28","guid":{"rendered":"http:\/\/visitcaldes.cat?page_id=191"},"modified":"2021-03-03T12:05:37","modified_gmt":"2021-03-03T11:05:37","slug":"actualidad","status":"publish","type":"page","link":"https:\/\/www.visitcaldes.cat\/es\/agenda\/actualidad\/","title":{"rendered":"Actualidad"},"content":{"rendered":"<h1 style=\"text-align: center;\">Es noticia en Caldes<\/h1>\n<h6 style=\"text-align: center;\">(not\u00edcias en catal\u00e1n. Opci\u00f3n de traducci\u00f3n <a href=\"https:\/\/translate.google.com\/translate?sl=auto&amp;tl=ca&amp;u=https:\/\/www.visitcaldes.cat\/es\/agenda\/actualidad\/\" target=\"_blank\" rel=\"noopener noreferrer\"><span style=\"color: #c20a84;\">en este enlace<\/span><\/a>)<\/h6>\n","protected":false},"excerpt":{"rendered":"<p>Es noticia en Caldes (not\u00edcias en catal\u00e1n. Opci\u00f3n de traducci\u00f3n en este enlace)<\/p>\n","protected":false},"author":4,"featured_media":0,"parent":53,"menu_order":0,"comment_status":"closed","ping_status":"closed","template":"page-templates\/actualitat.php","meta":[],"_links":{"self":[{"href":"https:\/\/www.visitcaldes.cat\/es\/wp-json\/wp\/v2\/pages\/191"}],"collection":[{"href":"https:\/\/www.visitcaldes.cat\/es\/wp-json\/wp\/v2\/pages"}],"about":[{"href":"https:\/\/www.visitcaldes.cat\/es\/wp-json\/wp\/v2\/types\/page"}],"author":[{"embeddable":true,"href":"https:\/\/www.visitcaldes.cat\/es\/wp-json\/wp\/v2\/users\/4"}],"replies":[{"embeddable":true,"href":"https:\/\/www.visitcaldes.cat\/es\/wp-json\/wp\/v2\/comments?post=191"}],"version-history":[{"count":6,"href":"https:\/\/www.visitcaldes.cat\/es\/wp-json\/wp\/v2\/pages\/191\/revisions"}],"predecessor-version":[{"id":7701,"href":"https:\/\/www.visitcaldes.cat\/es\/wp-json\/wp\/v2\/pages\/191\/revisions\/7701"}],"up":[{"embeddable":true,"href":"https:\/\/www.visitcaldes.cat\/es\/wp-json\/wp\/v2\/pages\/53"}],"wp:attachment":[{"href":"https:\/\/www.visitcaldes.cat\/es\/wp-json\/wp\/v2\/media?parent=191"}],"curies":[{"name":"wp","href":"https:\/\/api.w.org\/{rel}","templated":true}]}}