{"id":12440,"date":"2023-02-24T19:49:50","date_gmt":"2023-02-24T18:49:50","guid":{"rendered":"https:\/\/www.visitcaldes.cat\/?page_id=12440"},"modified":"2023-03-10T13:12:20","modified_gmt":"2023-03-10T12:12:20","slug":"la-tienda","status":"publish","type":"page","link":"https:\/\/www.visitcaldes.cat\/es\/la-tienda\/","title":{"rendered":"La Tienda"},"content":{"rendered":"\n<p><em><strong>*en construcci\u00f3n*<\/strong><\/em><br><br>La venta de entradas de eventos, conciertos, visitas guiadas y entradas en el Centre Museogr\u00e1fico Espai Aquae se puede realizar desde el portal de <strong><a rel=\"noreferrer noopener\" href=\"https:\/\/ticketara.com\/b\/ajuntament-caldes\" data-type=\"URL\" data-id=\"https:\/\/ticketara.com\/b\/ajuntament-caldes\" target=\"_blank\">tiqueting municipal ticketara.com<\/a><\/strong> <\/p>\n\n\n\n<p>Aqu\u00ed pueden conocer todos los recuerdos que encontraran en la tienda de la Oficina de Turismo y del Espai Aquae! Y recordad, si ven\u00eds a la Oficina de Turismo o al Punto de Informaci\u00f3n del ESpai Aquae os obsequiaremos con un vaso promocional para degustar el agua de las fuentes &nbsp;\ud83d\ude42<\/p>\n","protected":false},"excerpt":{"rendered":"<p>*en construcci\u00f3n* La venta de entradas de eventos, conciertos, visitas guiadas y entradas en el Centre Museogr\u00e1fico Espai Aquae se puede realizar desde el portal de tiqueting municipal ticketara.com Aqu\u00ed pueden conocer todos los recuerdos que encontraran en la tienda de la Oficina de Turismo y del Espai Aquae! Y recordad, si ven\u00eds a la [&hellip;]<\/p>\n","protected":false},"author":2,"featured_media":0,"parent":0,"menu_order":0,"comment_status":"closed","ping_status":"closed","template":"page-templates\/que-fer.php","meta":[],"_links":{"self":[{"href":"https:\/\/www.visitcaldes.cat\/es\/wp-json\/wp\/v2\/pages\/12440"}],"collection":[{"href":"https:\/\/www.visitcaldes.cat\/es\/wp-json\/wp\/v2\/pages"}],"about":[{"href":"https:\/\/www.visitcaldes.cat\/es\/wp-json\/wp\/v2\/types\/page"}],"author":[{"embeddable":true,"href":"https:\/\/www.visitcaldes.cat\/es\/wp-json\/wp\/v2\/users\/2"}],"replies":[{"embeddable":true,"href":"https:\/\/www.visitcaldes.cat\/es\/wp-json\/wp\/v2\/comments?post=12440"}],"version-history":[{"count":21,"href":"https:\/\/www.visitcaldes.cat\/es\/wp-json\/wp\/v2\/pages\/12440\/revisions"}],"predecessor-version":[{"id":12610,"href":"https:\/\/www.visitcaldes.cat\/es\/wp-json\/wp\/v2\/pages\/12440\/revisions\/12610"}],"wp:attachment":[{"href":"https:\/\/www.visitcaldes.cat\/es\/wp-json\/wp\/v2\/media?parent=12440"}],"curies":[{"name":"wp","href":"https:\/\/api.w.org\/{rel}","templated":true}]}}