{"id":153,"date":"2019-04-25T15:26:34","date_gmt":"2019-04-25T13:26:34","guid":{"rendered":"http:\/\/visitcaldes.cat?page_id=153"},"modified":"2020-04-27T17:29:56","modified_gmt":"2020-04-27T15:29:56","slug":"legal-warning","status":"publish","type":"page","link":"https:\/\/www.visitcaldes.cat\/en\/legal-warning\/","title":{"rendered":"Legal warning"},"content":{"rendered":"<p>&nbsp;<\/p>\n<h2 style=\"text-align: center;\"><strong>Av\u00eds legal<\/strong><\/h2>\n<p>&nbsp;<\/p>\n<p>Aquest lloc web i el domini s\u00f3n propietat de l\u2019Ajuntament de Caldes de Malavella, amb domicili a la Pla\u00e7a de l\u2019Ajuntament n\u00fam. 8, de Caldes de Malavella (CP 17455), CIF P1703700C, tel. 972470005 i correu electr\u00f2nic Aquesta adre\u00e7a de correu-e est\u00e0 protegida dels robots de spam. Necessites Javascript habilitat per veure-la.<\/p>\n<p>Sobre els continguts d\u2019aquest lloc, incloent-hi els textos, imatges i dissenys, existeixen drets de propietat intel\u2022lectual que corresponen a l\u2019Ajuntament o a tercers que n\u2019han autoritzat el seu \u00fas. L\u2019Ajuntament presenta aquests continguts amb finalitats d\u2019informaci\u00f3 i oferiment de serveis. De forma general i excepte que s\u2019indiqui expressament el contrari, aquests continguts es poden reproduir, distribuir i comunicar p\u00fablicament sempre que es faci sense finalitat comercial i per a les finalitats pr\u00f2pies del lloc web.<\/p>\n<p>L\u2019Ajuntament informa que el seu escut pot ser utilitzat \u00fanicament per a identificar activitats o iniciatives pr\u00f2pies de l\u2019Ajuntament, o d\u2019altres persones o institucions quan aquestes iniciatives o activitats compten amb el suport expl\u00edcit o la participaci\u00f3 de l\u2019Ajuntament.<\/p>\n<p>L\u2019Ajuntament ent\u00e9n que en el moment d\u2019omplir els formularis que figuren en el lloc, l&#8217;usuari es considera suficientment informat de les finalitats de la recollida de les seves dades personals i del tractament que se\u2019n derivar\u00e0. Excepte indicaci\u00f3 expressa en sentit contrari aquestes dades s\u2019integraran als fitxers de l\u2019Ajuntament per al seu tractament amb les finalitats que s\u2019indiquin en cada cas. Els interessats podran exercir els seus drets d\u2019acc\u00e9s, rectificaci\u00f3, oposici\u00f3 i cancel\u2022laci\u00f3 tot adre\u00e7ant-se a l\u2019Ajuntament per qualsevol mitj\u00e0. Poden obtenir m\u00e9s informaci\u00f3 sobre els criteris i mesures en mat\u00e8ria de tractament de dades tot adre\u00e7ant-se a les adreces de l\u2019Ajuntament que figuren a l\u2019inici d\u2019aquesta nota.<\/p>\n<p>L\u2019Ajuntament no es fa responsable davant dels usuaris del seu lloc web dels possibles danys o perjudicis que es puguin derivar d\u2019interfer\u00e8ncies, omissions, interrupcions, virus inform\u00e0tics, sobrec\u00e0rrega de les l\u00ednies, avaries o desconnexions quan estiguin motivades per causes que li s\u00f3n alienes. Tampoc no se\u2019n fa dels danys que puguin ser causats per terceres persones mitjan\u00e7ant intromissions il\u2022leg\u00edtimes fora del control de l\u2019Ajuntament. No obstant es compromet a advertir pr\u00e8viament de les interrupcions en el funcionament del web i dels serveis.<\/p>\n<p>L\u2019Ajuntament no es fa responsable del contingut, exactitud i actualitzaci\u00f3 de la informaci\u00f3 d&#8217;altres persones f\u00edsiques o jur\u00eddiques a la que es remeti per mitj\u00e0 d&#8217;enlla\u00e7os o d\u2019altres sistemes.<\/p>\n<p>No s\u2019autoritzen presentacions dels continguts d\u2019aquest lloc en una finestra aliena (framing) sense autoritzaci\u00f3 expressa i per escrit de l\u2019Ajuntament.<\/p>\n<p>Els possibles conflictes relatius a la utilitzaci\u00f3 d\u2019aquest web es regiran exclusivament pel dret de l&#8217;Estat espanyol i de Catalunya. Tota persona usu\u00e0ria del web, independentment de la jurisdicci\u00f3 territorial des de la qual es produeixi el seu acc\u00e9s, accepta el compliment i respecte d&#8217;aquesta cl\u00e0usula amb ren\u00fancia expressa a qualsevol altre fur.<\/p>\n","protected":false},"excerpt":{"rendered":"<p>&nbsp; Av\u00eds legal &nbsp; Aquest lloc web i el domini s\u00f3n propietat de l\u2019Ajuntament de Caldes de Malavella, amb domicili a la Pla\u00e7a de l\u2019Ajuntament n\u00fam. 8, de Caldes de Malavella (CP 17455), CIF P1703700C, tel. 972470005 i correu electr\u00f2nic Aquesta adre\u00e7a de correu-e est\u00e0 protegida dels robots de spam. Necessites Javascript habilitat per veure-la. [&hellip;]<\/p>\n","protected":false},"author":4,"featured_media":0,"parent":0,"menu_order":0,"comment_status":"closed","ping_status":"closed","template":"page-templates\/educacio.php","meta":[],"_links":{"self":[{"href":"https:\/\/www.visitcaldes.cat\/en\/wp-json\/wp\/v2\/pages\/153"}],"collection":[{"href":"https:\/\/www.visitcaldes.cat\/en\/wp-json\/wp\/v2\/pages"}],"about":[{"href":"https:\/\/www.visitcaldes.cat\/en\/wp-json\/wp\/v2\/types\/page"}],"author":[{"embeddable":true,"href":"https:\/\/www.visitcaldes.cat\/en\/wp-json\/wp\/v2\/users\/4"}],"replies":[{"embeddable":true,"href":"https:\/\/www.visitcaldes.cat\/en\/wp-json\/wp\/v2\/comments?post=153"}],"version-history":[{"count":3,"href":"https:\/\/www.visitcaldes.cat\/en\/wp-json\/wp\/v2\/pages\/153\/revisions"}],"predecessor-version":[{"id":4493,"href":"https:\/\/www.visitcaldes.cat\/en\/wp-json\/wp\/v2\/pages\/153\/revisions\/4493"}],"wp:attachment":[{"href":"https:\/\/www.visitcaldes.cat\/en\/wp-json\/wp\/v2\/media?parent=153"}],"curies":[{"name":"wp","href":"https:\/\/api.w.org\/{rel}","templated":true}]}}